{"id":175,"date":"2024-01-24T17:54:01","date_gmt":"2024-01-24T22:54:01","guid":{"rendered":"https:\/\/tardonmireno.com\/?page_id=175"},"modified":"2024-02-21T21:38:23","modified_gmt":"2024-02-22T02:38:23","slug":"sobre-nosotros","status":"publish","type":"page","link":"https:\/\/tardonmireno.com\/index.php\/sobre-nosotros\/","title":{"rendered":"sobre nosotros"},"content":{"rendered":"\t\t<div data-elementor-type=\"wp-page\" data-elementor-id=\"175\" class=\"elementor elementor-175\" data-elementor-post-type=\"page\">\n\t\t\t\t<div class=\"elementor-element elementor-element-e286734 e-con-full e-flex e-con e-parent\" data-id=\"e286734\" data-element_type=\"container\" data-settings=\"{&quot;content_width&quot;:&quot;full&quot;,&quot;background_background&quot;:&quot;classic&quot;}\" data-core-v316-plus=\"true\">\n\t\t<div class=\"elementor-element elementor-element-87a79e2 e-con-full e-flex e-con e-child\" data-id=\"87a79e2\" data-element_type=\"container\" data-settings=\"{&quot;content_width&quot;:&quot;full&quot;}\">\n\t\t\t\t<div class=\"elementor-element elementor-element-369afc4 elementor-absolute elementor-invisible elementor-widget elementor-widget-heading\" data-id=\"369afc4\" data-element_type=\"widget\" data-settings=\"{&quot;_position&quot;:&quot;absolute&quot;,&quot;_animation&quot;:&quot;fadeInLeft&quot;}\" data-widget_type=\"heading.default\">\n\t\t\t\t<div class=\"elementor-widget-container\">\n\t\t\t<style>\/*! elementor - v3.19.0 - 05-02-2024 *\/\n.elementor-heading-title{padding:0;margin:0;line-height:1}.elementor-widget-heading .elementor-heading-title[class*=elementor-size-]>a{color:inherit;font-size:inherit;line-height:inherit}.elementor-widget-heading .elementor-heading-title.elementor-size-small{font-size:15px}.elementor-widget-heading .elementor-heading-title.elementor-size-medium{font-size:19px}.elementor-widget-heading .elementor-heading-title.elementor-size-large{font-size:29px}.elementor-widget-heading .elementor-heading-title.elementor-size-xl{font-size:39px}.elementor-widget-heading .elementor-heading-title.elementor-size-xxl{font-size:59px}<\/style><h1 class=\"elementor-heading-title elementor-size-xxl\">Sobre nosotros<\/h1>\t\t<\/div>\n\t\t\t\t<\/div>\n\t\t\t\t<\/div>\n\t\t<div class=\"elementor-element elementor-element-1c65236 e-con-full e-flex e-con e-child\" data-id=\"1c65236\" data-element_type=\"container\" data-settings=\"{&quot;content_width&quot;:&quot;full&quot;}\">\n\t\t\t\t<div class=\"elementor-element elementor-element-0abc72c elementor-widget elementor-widget-video\" data-id=\"0abc72c\" data-element_type=\"widget\" data-settings=\"{&quot;youtube_url&quot;:&quot;https:\\\/\\\/youtu.be\\\/eFHOgwKlUTA&quot;,&quot;autoplay&quot;:&quot;yes&quot;,&quot;play_on_mobile&quot;:&quot;yes&quot;,&quot;mute&quot;:&quot;yes&quot;,&quot;loop&quot;:&quot;yes&quot;,&quot;video_type&quot;:&quot;youtube&quot;}\" data-widget_type=\"video.default\">\n\t\t\t\t<div class=\"elementor-widget-container\">\n\t\t\t<style>\/*! elementor - v3.19.0 - 05-02-2024 *\/\n.elementor-widget-video .elementor-widget-container{overflow:hidden;transform:translateZ(0)}.elementor-widget-video .elementor-wrapper{aspect-ratio:var(--video-aspect-ratio)}.elementor-widget-video .elementor-wrapper iframe,.elementor-widget-video .elementor-wrapper video{height:100%;width:100%;display:flex;border:none;background-color:#000}@supports not (aspect-ratio:1\/1){.elementor-widget-video .elementor-wrapper{position:relative;overflow:hidden;height:0;padding-bottom:calc(100% \/ var(--video-aspect-ratio))}.elementor-widget-video .elementor-wrapper iframe,.elementor-widget-video .elementor-wrapper video{position:absolute;top:0;right:0;bottom:0;left:0}}.elementor-widget-video .elementor-open-inline .elementor-custom-embed-image-overlay{position:absolute;top:0;right:0;bottom:0;left:0;background-size:cover;background-position:50%}.elementor-widget-video .elementor-custom-embed-image-overlay{cursor:pointer;text-align:center}.elementor-widget-video .elementor-custom-embed-image-overlay:hover .elementor-custom-embed-play i{opacity:1}.elementor-widget-video .elementor-custom-embed-image-overlay img{display:block;width:100%;aspect-ratio:var(--video-aspect-ratio);-o-object-fit:cover;object-fit:cover;-o-object-position:center center;object-position:center center}@supports not (aspect-ratio:1\/1){.elementor-widget-video .elementor-custom-embed-image-overlay{position:relative;overflow:hidden;height:0;padding-bottom:calc(100% \/ var(--video-aspect-ratio))}.elementor-widget-video .elementor-custom-embed-image-overlay img{position:absolute;top:0;right:0;bottom:0;left:0}}.elementor-widget-video .e-hosted-video .elementor-video{-o-object-fit:cover;object-fit:cover}.e-con-inner>.elementor-widget-video,.e-con>.elementor-widget-video{width:var(--container-widget-width);--flex-grow:var(--container-widget-flex-grow)}<\/style>\t\t<div class=\"elementor-wrapper elementor-open-inline\">\n\t\t\t<div class=\"elementor-video\"><\/div>\t\t<\/div>\n\t\t\t\t<\/div>\n\t\t\t\t<\/div>\n\t\t\t\t<\/div>\n\t\t<div class=\"elementor-element elementor-element-3b8eee6 e-con-full e-flex e-con e-child\" data-id=\"3b8eee6\" data-element_type=\"container\" data-settings=\"{&quot;content_width&quot;:&quot;full&quot;}\">\n\t\t<div class=\"elementor-element elementor-element-cb7b9d4 e-con-full e-flex e-con e-child\" data-id=\"cb7b9d4\" data-element_type=\"container\" data-settings=\"{&quot;content_width&quot;:&quot;full&quot;}\">\n\t\t<div class=\"elementor-element elementor-element-a429b5c e-con-full e-flex e-con e-child\" data-id=\"a429b5c\" data-element_type=\"container\" data-settings=\"{&quot;content_width&quot;:&quot;full&quot;}\">\n\t\t\t\t<div class=\"elementor-element elementor-element-230684a elementor-invisible elementor-widget elementor-widget-image\" data-id=\"230684a\" data-element_type=\"widget\" data-settings=\"{&quot;_animation&quot;:&quot;fadeIn&quot;}\" data-widget_type=\"image.default\">\n\t\t\t\t<div class=\"elementor-widget-container\">\n\t\t\t<style>\/*! elementor - v3.19.0 - 05-02-2024 *\/\n.elementor-widget-image{text-align:center}.elementor-widget-image a{display:inline-block}.elementor-widget-image a img[src$=\".svg\"]{width:48px}.elementor-widget-image img{vertical-align:middle;display:inline-block}<\/style>\t\t\t\t\t\t\t\t\t\t<img fetchpriority=\"high\" decoding=\"async\" width=\"800\" height=\"450\" src=\"https:\/\/tardonmireno.com\/wp-content\/uploads\/2024\/01\/WhatsApp-Image-2024-01-07-at-17.51.54-1024x576.jpeg\" class=\"attachment-large size-large wp-image-790\" alt=\"\" srcset=\"https:\/\/tardonmireno.com\/wp-content\/uploads\/2024\/01\/WhatsApp-Image-2024-01-07-at-17.51.54-1024x576.jpeg 1024w, https:\/\/tardonmireno.com\/wp-content\/uploads\/2024\/01\/WhatsApp-Image-2024-01-07-at-17.51.54-300x169.jpeg 300w, https:\/\/tardonmireno.com\/wp-content\/uploads\/2024\/01\/WhatsApp-Image-2024-01-07-at-17.51.54-768x432.jpeg 768w, https:\/\/tardonmireno.com\/wp-content\/uploads\/2024\/01\/WhatsApp-Image-2024-01-07-at-17.51.54-1536x864.jpeg 1536w, https:\/\/tardonmireno.com\/wp-content\/uploads\/2024\/01\/WhatsApp-Image-2024-01-07-at-17.51.54-2048x1152.jpeg 2048w\" sizes=\"(max-width: 800px) 100vw, 800px\" \/>\t\t\t\t\t\t\t\t\t\t\t\t\t<\/div>\n\t\t\t\t<\/div>\n\t\t\t\t<\/div>\n\t\t<div class=\"elementor-element elementor-element-61d67df e-con-full e-flex elementor-invisible e-con e-child\" data-id=\"61d67df\" data-element_type=\"container\" data-settings=\"{&quot;content_width&quot;:&quot;full&quot;,&quot;animation&quot;:&quot;fadeInRight&quot;}\">\n\t\t\t\t<div class=\"elementor-element elementor-element-a2d471a elementor-widget elementor-widget-text-editor\" data-id=\"a2d471a\" data-element_type=\"widget\" data-widget_type=\"text-editor.default\">\n\t\t\t\t<div class=\"elementor-widget-container\">\n\t\t\t<style>\/*! elementor - v3.19.0 - 05-02-2024 *\/\n.elementor-widget-text-editor.elementor-drop-cap-view-stacked .elementor-drop-cap{background-color:#69727d;color:#fff}.elementor-widget-text-editor.elementor-drop-cap-view-framed .elementor-drop-cap{color:#69727d;border:3px solid;background-color:transparent}.elementor-widget-text-editor:not(.elementor-drop-cap-view-default) .elementor-drop-cap{margin-top:8px}.elementor-widget-text-editor:not(.elementor-drop-cap-view-default) .elementor-drop-cap-letter{width:1em;height:1em}.elementor-widget-text-editor .elementor-drop-cap{float:left;text-align:center;line-height:1;font-size:50px}.elementor-widget-text-editor .elementor-drop-cap-letter{display:inline-block}<\/style>\t\t\t\t<p>El \u201cTard\u00f3n Mire\u00f1o\u201d es una bebida tradicional de nuestra ciudad y de nuestro cant\u00f3n, el mismo que es brindado en ocasiones especiales y de algarab\u00eda para nuestro pueblo. Cuando por alguna raz\u00f3n alguien nos visita, es un benepl\u00e1cito para todos los mire\u00f1os brindarle tan agradable bebida, que sabe muy dulce en nuestra boca y es muy exquisita para nuestro paladar.<\/p><p>La asociaci\u00f3n Manos Productivas se origin\u00f3 con un grupo de personas artesanas desde el a\u00f1o 2005, en la ciudad de Mira provincia del Carchi, dedic\u00e1ndose exclusivamente a la elaboraci\u00f3n del Tard\u00f3n Mire\u00f1o, con el pasar del tiempo estas personas se han ido preparando en diversos \u00e1mbitos que les ha permitido ampliar la gama de sus productos teniendo como base para su elaboraci\u00f3n tanto el producto principal como el reciclaje de la materia prima.<\/p>\t\t\t\t\t\t<\/div>\n\t\t\t\t<\/div>\n\t\t\t\t<\/div>\n\t\t\t\t<\/div>\n\t\t<div class=\"elementor-element elementor-element-6cf93f0 e-con-full e-flex e-con e-child\" data-id=\"6cf93f0\" data-element_type=\"container\" data-settings=\"{&quot;content_width&quot;:&quot;full&quot;}\">\n\t\t<div class=\"elementor-element elementor-element-fc461aa e-con-full e-flex e-con e-child\" data-id=\"fc461aa\" data-element_type=\"container\" data-settings=\"{&quot;content_width&quot;:&quot;full&quot;}\">\n\t\t\t\t<div class=\"elementor-element elementor-element-45085e2 elementor-widget elementor-widget-image\" data-id=\"45085e2\" data-element_type=\"widget\" data-widget_type=\"image.default\">\n\t\t\t\t<div class=\"elementor-widget-container\">\n\t\t\t\t\t\t\t\t\t\t\t\t\t<img decoding=\"async\" width=\"800\" height=\"534\" src=\"https:\/\/tardonmireno.com\/wp-content\/uploads\/2024\/01\/MG_2873-1024x683.jpg\" class=\"attachment-large size-large wp-image-802\" alt=\"\" srcset=\"https:\/\/tardonmireno.com\/wp-content\/uploads\/2024\/01\/MG_2873-1024x683.jpg 1024w, https:\/\/tardonmireno.com\/wp-content\/uploads\/2024\/01\/MG_2873-300x200.jpg 300w, https:\/\/tardonmireno.com\/wp-content\/uploads\/2024\/01\/MG_2873-768x512.jpg 768w, https:\/\/tardonmireno.com\/wp-content\/uploads\/2024\/01\/MG_2873.jpg 1280w\" sizes=\"(max-width: 800px) 100vw, 800px\" \/>\t\t\t\t\t\t\t\t\t\t\t\t\t<\/div>\n\t\t\t\t<\/div>\n\t\t\t\t<\/div>\n\t\t<div class=\"elementor-element elementor-element-c159024 e-con-full e-flex elementor-invisible e-con e-child\" data-id=\"c159024\" data-element_type=\"container\" data-settings=\"{&quot;content_width&quot;:&quot;full&quot;,&quot;animation&quot;:&quot;fadeInLeft&quot;}\">\n\t\t\t\t<div class=\"elementor-element elementor-element-c180c6d elementor-widget elementor-widget-text-editor\" data-id=\"c180c6d\" data-element_type=\"widget\" data-widget_type=\"text-editor.default\">\n\t\t\t\t<div class=\"elementor-widget-container\">\n\t\t\t\t\t\t\t<p>La fuerza de la asociatividad y el apoyo de las instituciones educativas y los organismos estatales permitieron mejorar los procesos, la calidad y la comercializaci\u00f3n del producto y pudimos pensar en la diversificaci\u00f3n, entonces hab\u00eda que dise\u00f1ar \u201cuna etiqueta del producto\u201d, ampliar la gama de presentaciones de la bebida, elaborar bombones de chocolate con relleno de Tard\u00f3n Mire\u00f1o, los Chocotardones.<\/p><p>Cada botella de Tard\u00f3n Mire\u00f1o guarda el n\u00e9ctar de los Andes, conserva la calidez de la gente que lo hace y mantiene encendida la tradici\u00f3n de un pueblo creyente, festivo y alegre. Su gran sabor se logra al mezclar lo dulce de las naranjas con la intensidad del destilado de ca\u00f1a. Se lo brinda desde tiempos muy memorables en nuestro querido terru\u00f1o, de manera muy especial en la celebraci\u00f3n de la Fiesta de Nuestra Patrona, La Madre Sant\u00edsima de la Caridad.<\/p>\t\t\t\t\t\t<\/div>\n\t\t\t\t<\/div>\n\t\t\t\t<\/div>\n\t\t\t\t<\/div>\n\t\t<div class=\"elementor-element elementor-element-e49acaa e-con-full e-flex e-con e-child\" data-id=\"e49acaa\" data-element_type=\"container\" data-settings=\"{&quot;content_width&quot;:&quot;full&quot;}\">\n\t\t\t\t<div class=\"elementor-element elementor-element-804cc97 elementor-widget elementor-widget-video\" data-id=\"804cc97\" data-element_type=\"widget\" data-settings=\"{&quot;youtube_url&quot;:&quot;https:\\\/\\\/youtu.be\\\/I6NXYlE_EGs&quot;,&quot;autoplay&quot;:&quot;yes&quot;,&quot;play_on_mobile&quot;:&quot;yes&quot;,&quot;loop&quot;:&quot;yes&quot;,&quot;video_type&quot;:&quot;youtube&quot;,&quot;controls&quot;:&quot;yes&quot;}\" data-widget_type=\"video.default\">\n\t\t\t\t<div class=\"elementor-widget-container\">\n\t\t\t\t\t<div class=\"elementor-wrapper elementor-open-inline\">\n\t\t\t<div class=\"elementor-video\"><\/div>\t\t<\/div>\n\t\t\t\t<\/div>\n\t\t\t\t<\/div>\n\t\t\t\t<\/div>\n\t\t\t\t<\/div>\n\t\t\t\t<div class=\"elementor-element elementor-element-4b0b449 elementor-widget elementor-widget-spacer\" data-id=\"4b0b449\" data-element_type=\"widget\" data-widget_type=\"spacer.default\">\n\t\t\t\t<div class=\"elementor-widget-container\">\n\t\t\t<style>\/*! elementor - v3.19.0 - 05-02-2024 *\/\n.elementor-column .elementor-spacer-inner{height:var(--spacer-size)}.e-con{--container-widget-width:100%}.e-con-inner>.elementor-widget-spacer,.e-con>.elementor-widget-spacer{width:var(--container-widget-width,var(--spacer-size));--align-self:var(--container-widget-align-self,initial);--flex-shrink:0}.e-con-inner>.elementor-widget-spacer>.elementor-widget-container,.e-con>.elementor-widget-spacer>.elementor-widget-container{height:100%;width:100%}.e-con-inner>.elementor-widget-spacer>.elementor-widget-container>.elementor-spacer,.e-con>.elementor-widget-spacer>.elementor-widget-container>.elementor-spacer{height:100%}.e-con-inner>.elementor-widget-spacer>.elementor-widget-container>.elementor-spacer>.elementor-spacer-inner,.e-con>.elementor-widget-spacer>.elementor-widget-container>.elementor-spacer>.elementor-spacer-inner{height:var(--container-widget-height,var(--spacer-size))}.e-con-inner>.elementor-widget-spacer.elementor-widget-empty,.e-con>.elementor-widget-spacer.elementor-widget-empty{position:relative;min-height:22px;min-width:22px}.e-con-inner>.elementor-widget-spacer.elementor-widget-empty .elementor-widget-empty-icon,.e-con>.elementor-widget-spacer.elementor-widget-empty .elementor-widget-empty-icon{position:absolute;top:0;bottom:0;left:0;right:0;margin:auto;padding:0;width:22px;height:22px}<\/style>\t\t<div class=\"elementor-spacer\">\n\t\t\t<div class=\"elementor-spacer-inner\"><\/div>\n\t\t<\/div>\n\t\t\t\t<\/div>\n\t\t\t\t<\/div>\n\t\t\t\t<\/div>\n\t\t\t\t<\/div>\n\t\t","protected":false},"excerpt":{"rendered":"<p>Sobre nosotros El \u201cTard\u00f3n Mire\u00f1o\u201d es una bebida tradicional de nuestra ciudad y de nuestro cant\u00f3n, el mismo que es brindado en ocasiones especiales y de algarab\u00eda para nuestro pueblo. Cuando por alguna raz\u00f3n alguien nos visita, es un benepl\u00e1cito para todos los mire\u00f1os brindarle tan agradable bebida, que sabe muy dulce en nuestra boca [&hellip;]<\/p>\n","protected":false},"author":1,"featured_media":0,"parent":0,"menu_order":0,"comment_status":"closed","ping_status":"closed","template":"","meta":{"footnotes":""},"_links":{"self":[{"href":"https:\/\/tardonmireno.com\/index.php\/wp-json\/wp\/v2\/pages\/175"}],"collection":[{"href":"https:\/\/tardonmireno.com\/index.php\/wp-json\/wp\/v2\/pages"}],"about":[{"href":"https:\/\/tardonmireno.com\/index.php\/wp-json\/wp\/v2\/types\/page"}],"author":[{"embeddable":true,"href":"https:\/\/tardonmireno.com\/index.php\/wp-json\/wp\/v2\/users\/1"}],"replies":[{"embeddable":true,"href":"https:\/\/tardonmireno.com\/index.php\/wp-json\/wp\/v2\/comments?post=175"}],"version-history":[{"count":148,"href":"https:\/\/tardonmireno.com\/index.php\/wp-json\/wp\/v2\/pages\/175\/revisions"}],"predecessor-version":[{"id":1760,"href":"https:\/\/tardonmireno.com\/index.php\/wp-json\/wp\/v2\/pages\/175\/revisions\/1760"}],"wp:attachment":[{"href":"https:\/\/tardonmireno.com\/index.php\/wp-json\/wp\/v2\/media?parent=175"}],"curies":[{"name":"wp","href":"https:\/\/api.w.org\/{rel}","templated":true}]}}